{"id":413,"date":"2022-07-20T20:44:31","date_gmt":"2022-07-20T23:44:31","guid":{"rendered":"http:\/\/anitaluedke.com\/?page_id=413"},"modified":"2022-10-19T00:06:09","modified_gmt":"2022-10-19T03:06:09","slug":"galeria","status":"publish","type":"page","link":"https:\/\/anitaluedke.com\/de\/galeria\/","title":{"rendered":"Galer\u00eda"},"content":{"rendered":"<div data-elementor-type=\"wp-page\" data-elementor-id=\"413\" class=\"elementor elementor-413\">\n\t\t\t\t\t\t<section class=\"elementor-section elementor-top-section elementor-element elementor-element-dbb649c elementor-section-boxed elementor-section-height-default elementor-section-height-default\" data-id=\"dbb649c\" data-element_type=\"section\" data-settings=\"{&quot;ekit_has_onepagescroll_dot&quot;:&quot;yes&quot;}\">\n\t\t\t\t\t\t<div class=\"elementor-container elementor-column-gap-default\">\n\t\t\t\t\t<div class=\"elementor-column elementor-col-66 elementor-top-column elementor-element elementor-element-7f4005d\" data-id=\"7f4005d\" data-element_type=\"column\">\n\t\t\t<div class=\"elementor-widget-wrap elementor-element-populated\">\n\t\t\t\t\t\t<div class=\"elementor-element elementor-element-46ab46d elementor-widget elementor-widget-heading\" data-id=\"46ab46d\" data-element_type=\"widget\" data-settings=\"{&quot;ekit_we_effect_on&quot;:&quot;none&quot;}\" data-widget_type=\"heading.default\">\n\t\t\t\t<div class=\"elementor-widget-container\">\n\t\t\t\t\t<h1 class=\"elementor-heading-title elementor-size-default\">Malerin Natur<\/h1>\t\t\t\t<\/div>\n\t\t\t\t<\/div>\n\t\t\t\t<div class=\"elementor-element elementor-element-4ff5436 elementor-widget elementor-widget-text-editor\" data-id=\"4ff5436\" data-element_type=\"widget\" data-settings=\"{&quot;ekit_we_effect_on&quot;:&quot;none&quot;}\" data-widget_type=\"text-editor.default\">\n\t\t\t\t<div class=\"elementor-widget-container\">\n\t\t\t\t\t\t\t\t\t<h2><strong>eine Ann\u00e4herung in Bildern<\/strong><\/h2><h2><strong>seit 2018 in Flor del Sol,<\/strong><\/h2><h2><strong>Buenavista, Santa Cruz, Bolivia<\/strong><\/h2>\t\t\t\t\t\t\t\t<\/div>\n\t\t\t\t<\/div>\n\t\t\t\t<div class=\"elementor-element elementor-element-fcca479 elementor-widget elementor-widget-text-editor\" data-id=\"fcca479\" data-element_type=\"widget\" data-settings=\"{&quot;ekit_we_effect_on&quot;:&quot;none&quot;}\" data-widget_type=\"text-editor.default\">\n\t\t\t\t<div class=\"elementor-widget-container\">\n\t\t\t\t\t\t\t\t\t<p>In tiefer Verbundenheit mit Natur hat die Menschheit den Werdegang ihres k\u00fcnstlerischen Ausdrucks begonnen. Ich bin in das gestalterische Schaffen zur Zeit der Postmoderne, der Abstraktion, des Purismus und der Monochrome eingetreten, in der die Kunst unabh\u00e4ngig, nur verpflichtet der eigenen inneren Natur erschien.<\/p>\t\t\t\t\t\t\t\t<\/div>\n\t\t\t\t<\/div>\n\t\t\t\t<div class=\"elementor-element elementor-element-e83a4cf elementor-widget elementor-widget-text-editor\" data-id=\"e83a4cf\" data-element_type=\"widget\" data-settings=\"{&quot;ekit_we_effect_on&quot;:&quot;none&quot;}\" data-widget_type=\"text-editor.default\">\n\t\t\t\t<div class=\"elementor-widget-container\">\n\t\t\t\t\t\t\t\t\t<p>Mit so gepr\u00e4gtem Auge habe ich in der Natur diese von der Natur gemalten Bilder entdeckt, die jetzt hier in meiner online-Galerie zu sehen sind. Ich nehme mich dabei in entgegengesetzter Richtung gehend wahr oder anders gesagt, ich trage in mir die menschliche Entwicklung in der Kunst und f\u00fchre sie zur\u00fcck zu ihrer Quelle, zur Natur.<\/p>\t\t\t\t\t\t\t\t<\/div>\n\t\t\t\t<\/div>\n\t\t\t\t<div class=\"elementor-element elementor-element-da505da elementor-widget elementor-widget-text-editor\" data-id=\"da505da\" data-element_type=\"widget\" data-settings=\"{&quot;ekit_we_effect_on&quot;:&quot;none&quot;}\" data-widget_type=\"text-editor.default\">\n\t\t\t\t<div class=\"elementor-widget-container\">\n\t\t\t\t\t\t\t\t\t<p>Eine Naturbetrachtung, die nichts mit der Faszination von exotischen Sch\u00f6nheiten zu tun hat, noch mit einer Begeisterung f\u00fcr raffinierte Perfektion in ihren Kreationen obwohl deren bewundernde Hervorhebung in den unterschiedlichsten Ausdrucksmitteln nat\u00fcrlich auch mich ber\u00fchren kann.<\/p>\t\t\t\t\t\t\t\t<\/div>\n\t\t\t\t<\/div>\n\t\t\t\t<div class=\"elementor-element elementor-element-b25814b elementor-widget elementor-widget-text-editor\" data-id=\"b25814b\" data-element_type=\"widget\" data-settings=\"{&quot;ekit_we_effect_on&quot;:&quot;none&quot;}\" data-widget_type=\"text-editor.default\">\n\t\t\t\t<div class=\"elementor-widget-container\">\n\t\t\t\t\t\t\t\t\t<p>Sch\u00f6nheit zeigt sich mir hier in diesem Kontext oft erst in einem bis zur Unkenntlichkeit vergr\u00f6\u00dferten Ausschnitt, in dem die Gestalt in ihrer Ganzheit zu entschwinden beginnt. Die benennende Zuordnung ist nicht mehr sofort und automatisch verf\u00fcgbar. Stattdessen f\u00fcgen\nsich Form, Struktur und Farbe zu einem abstrakten Gem\u00e4lde. Wo diese Methode nicht ausreicht oder sich nicht eignet versuche ich mit Unsch\u00e4rfe die Selbstverst\u00e4ndlichkeit in der\nWahrnehmung zu st\u00f6ren bis hin, dass Konturen und Farben ineinander zu verschwimmen scheinen.<\/p>\t\t\t\t\t\t\t\t<\/div>\n\t\t\t\t<\/div>\n\t\t\t\t<div class=\"elementor-element elementor-element-35450eb elementor-widget elementor-widget-text-editor\" data-id=\"35450eb\" data-element_type=\"widget\" data-settings=\"{&quot;ekit_we_effect_on&quot;:&quot;none&quot;}\" data-widget_type=\"text-editor.default\">\n\t\t\t\t<div class=\"elementor-widget-container\">\n\t\t\t\t\t\t\t\t\t<p>Die noch technische Unvollkommenheit meines relativ alten Modells eines iPhone, welches\nich f\u00fcr alle Aufnahmen benutze, hat sich hierf\u00fcr als hilfreich erwiesen. Die ungenau bis hin\nauch mal nebul\u00f6se Aufl\u00f6sung ver\u00e4ndert atmosph\u00e4risch den Anblick indem sie Synonym ist\nf\u00fcr den wesentlichsten Charakter von Natur, ihre Verg\u00e4nglichkeit, Hinf\u00e4lligkeit, Fl\u00fcchtigkeit,\nUnbest\u00e4ndigkeit im Prozess des allm\u00e4hlichen Entstehens und Verblassens, die alle ihre\nErscheinungen vereint.<\/p>\t\t\t\t\t\t\t\t<\/div>\n\t\t\t\t<\/div>\n\t\t\t\t\t<\/div>\n\t\t<\/div>\n\t\t\t\t<div class=\"elementor-column elementor-col-33 elementor-top-column elementor-element elementor-element-c1c7d82\" data-id=\"c1c7d82\" data-element_type=\"column\">\n\t\t\t<div class=\"elementor-widget-wrap elementor-element-populated\">\n\t\t\t\t\t\t<div class=\"elementor-element elementor-element-e40c7ae elementor-widget elementor-widget-heading\" data-id=\"e40c7ae\" data-element_type=\"widget\" data-settings=\"{&quot;ekit_we_effect_on&quot;:&quot;none&quot;}\" data-widget_type=\"heading.default\">\n\t\t\t\t<div class=\"elementor-widget-container\">\n\t\t\t\t\t<h3 class=\"elementor-heading-title elementor-size-default\"><a href=\"https:\/\/anitaluedke.com\/de\/sinfonia-del-enredo\/\">Sinfonie des Wirrwarrs<\/a><\/h3>\t\t\t\t<\/div>\n\t\t\t\t<\/div>\n\t\t\t\t<div class=\"elementor-element elementor-element-f100c4e elementor-widget elementor-widget-heading\" data-id=\"f100c4e\" data-element_type=\"widget\" data-settings=\"{&quot;ekit_we_effect_on&quot;:&quot;none&quot;}\" data-widget_type=\"heading.default\">\n\t\t\t\t<div class=\"elementor-widget-container\">\n\t\t\t\t\t<h3 class=\"elementor-heading-title elementor-size-default\"><a href=\"https:\/\/anitaluedke.com\/de\/belleza-escondida\/\">Verborgene Sch\u00f6nheit<\/a><\/h3>\t\t\t\t<\/div>\n\t\t\t\t<\/div>\n\t\t\t\t\t<\/div>\n\t\t<\/div>\n\t\t\t\t\t<\/div>\n\t\t<\/section>\n\t\t\t\t<\/div>","protected":false},"excerpt":{"rendered":"<p>Naturaleza pintando un acercamiento en im\u00e1genes desde 2018 en Flor del Sol, Buenavista, Santa Cruz, Bolivia En una profunda conexi\u00f3n con la naturaleza ha empezado el mundo de expresi\u00f3n art\u00edstica de la humanidad. Yo he entrado a ella en la \u00e9poca postmoderna, en donde la abstracci\u00f3n, el purismo y los monocromos han dado paso a [&hellip;]<\/p>","protected":false},"author":1,"featured_media":0,"parent":0,"menu_order":0,"comment_status":"closed","ping_status":"closed","template":"elementor_header_footer","meta":{"site-sidebar-layout":"no-sidebar","site-content-layout":"page-builder","ast-site-content-layout":"","site-content-style":"default","site-sidebar-style":"default","ast-global-header-display":"","ast-banner-title-visibility":"","ast-main-header-display":"","ast-hfb-above-header-display":"","ast-hfb-below-header-display":"","ast-hfb-mobile-header-display":"","site-post-title":"disabled","ast-breadcrumbs-content":"","ast-featured-img":"disabled","footer-sml-layout":"","theme-transparent-header-meta":"","adv-header-id-meta":"","stick-header-meta":"","header-above-stick-meta":"","header-main-stick-meta":"","header-below-stick-meta":"","astra-migrate-meta-layouts":"default","ast-page-background-enabled":"default","ast-page-background-meta":{"desktop":{"background-color":"var(--ast-global-color-4)","background-image":"","background-repeat":"repeat","background-position":"center center","background-size":"auto","background-attachment":"scroll","background-type":"","background-media":"","overlay-type":"","overlay-color":"","overlay-opacity":"","overlay-gradient":""},"tablet":{"background-color":"","background-image":"","background-repeat":"repeat","background-position":"center center","background-size":"auto","background-attachment":"scroll","background-type":"","background-media":"","overlay-type":"","overlay-color":"","overlay-opacity":"","overlay-gradient":""},"mobile":{"background-color":"","background-image":"","background-repeat":"repeat","background-position":"center center","background-size":"auto","background-attachment":"scroll","background-type":"","background-media":"","overlay-type":"","overlay-color":"","overlay-opacity":"","overlay-gradient":""}},"ast-content-background-meta":{"desktop":{"background-color":"var(--ast-global-color-5)","background-image":"","background-repeat":"repeat","background-position":"center center","background-size":"auto","background-attachment":"scroll","background-type":"","background-media":"","overlay-type":"","overlay-color":"","overlay-opacity":"","overlay-gradient":""},"tablet":{"background-color":"var(--ast-global-color-5)","background-image":"","background-repeat":"repeat","background-position":"center center","background-size":"auto","background-attachment":"scroll","background-type":"","background-media":"","overlay-type":"","overlay-color":"","overlay-opacity":"","overlay-gradient":""},"mobile":{"background-color":"var(--ast-global-color-5)","background-image":"","background-repeat":"repeat","background-position":"center center","background-size":"auto","background-attachment":"scroll","background-type":"","background-media":"","overlay-type":"","overlay-color":"","overlay-opacity":"","overlay-gradient":""}},"footnotes":""},"class_list":["post-413","page","type-page","status-publish","hentry"],"_links":{"self":[{"href":"https:\/\/anitaluedke.com\/de\/wp-json\/wp\/v2\/pages\/413","targetHints":{"allow":["GET"]}}],"collection":[{"href":"https:\/\/anitaluedke.com\/de\/wp-json\/wp\/v2\/pages"}],"about":[{"href":"https:\/\/anitaluedke.com\/de\/wp-json\/wp\/v2\/types\/page"}],"author":[{"embeddable":true,"href":"https:\/\/anitaluedke.com\/de\/wp-json\/wp\/v2\/users\/1"}],"replies":[{"embeddable":true,"href":"https:\/\/anitaluedke.com\/de\/wp-json\/wp\/v2\/comments?post=413"}],"version-history":[{"count":94,"href":"https:\/\/anitaluedke.com\/de\/wp-json\/wp\/v2\/pages\/413\/revisions"}],"predecessor-version":[{"id":2752,"href":"https:\/\/anitaluedke.com\/de\/wp-json\/wp\/v2\/pages\/413\/revisions\/2752"}],"wp:attachment":[{"href":"https:\/\/anitaluedke.com\/de\/wp-json\/wp\/v2\/media?parent=413"}],"curies":[{"name":"wp","href":"https:\/\/api.w.org\/{rel}","templated":true}]}}